{"id":179,"date":"2022-06-27T16:07:50","date_gmt":"2022-06-27T19:07:50","guid":{"rendered":"https:\/\/alkindawax.com.br\/?page_id=179"},"modified":"2022-07-14T12:42:39","modified_gmt":"2022-07-14T15:42:39","slug":"sobre","status":"publish","type":"page","link":"https:\/\/alkindawax.com.br\/pt\/sobre\/","title":{"rendered":"Sobre"},"content":{"rendered":"<div data-elementor-type=\"wp-page\" data-elementor-id=\"179\" class=\"elementor elementor-179\" data-elementor-post-type=\"page\">\n\t\t\t\t\t\t<section class=\"elementor-section elementor-top-section elementor-element elementor-element-3f52bd0f elementor-section-boxed elementor-section-height-default elementor-section-height-default\" data-id=\"3f52bd0f\" data-element_type=\"section\" data-e-type=\"section\" data-settings=\"{&quot;background_background&quot;:&quot;classic&quot;}\">\n\t\t\t\t\t\t\t<div class=\"elementor-background-overlay\"><\/div>\n\t\t\t\t\t\t\t<div class=\"elementor-container elementor-column-gap-default\">\n\t\t\t\t\t<div class=\"elementor-column elementor-col-100 elementor-top-column elementor-element elementor-element-5dcfa119\" data-id=\"5dcfa119\" data-element_type=\"column\" data-e-type=\"column\" data-settings=\"{&quot;background_background&quot;:&quot;classic&quot;}\">\n\t\t\t<div class=\"elementor-widget-wrap elementor-element-populated\">\n\t\t\t\t\t\t<div class=\"elementor-element elementor-element-fc11f99 elementor-widget elementor-widget-heading\" data-id=\"fc11f99\" data-element_type=\"widget\" data-e-type=\"widget\" data-widget_type=\"heading.default\">\n\t\t\t\t\t<h2 class=\"elementor-heading-title elementor-size-default\">Sobre<\/h2>\t\t\t\t<\/div>\n\t\t\t\t<div class=\"elementor-element elementor-element-22848b89 elementor-icon-list--layout-inline elementor-align-center elementor-list-item-link-full_width elementor-widget elementor-widget-icon-list\" data-id=\"22848b89\" data-element_type=\"widget\" data-e-type=\"widget\" data-widget_type=\"icon-list.default\">\n\t\t\t\t\t\t\t<ul class=\"elementor-icon-list-items elementor-inline-items\">\n\t\t\t\t\t\t\t<li class=\"elementor-icon-list-item elementor-inline-item\">\n\t\t\t\t\t\t\t\t\t\t\t<a href=\"https:\/\/alkindawax.com.br\/pt\">\n\n\t\t\t\t\t\t\t\t\t\t\t<span class=\"elementor-icon-list-text\">Home<\/span>\n\t\t\t\t\t\t\t\t\t\t\t<\/a>\n\t\t\t\t\t\t\t\t\t<\/li>\n\t\t\t\t\t\t\t\t<li class=\"elementor-icon-list-item elementor-inline-item\">\n\t\t\t\t\t\t\t\t\t\t\t<span class=\"elementor-icon-list-icon\">\n\t\t\t\t\t\t\t<svg aria-hidden=\"true\" class=\"e-font-icon-svg e-fas-chevron-right\" viewbox=\"0 0 320 512\" xmlns=\"http:\/\/www.w3.org\/2000\/svg\"><path d=\"M285.476 272.971L91.132 467.314c-9.373 9.373-24.569 9.373-33.941 0l-22.667-22.667c-9.357-9.357-9.375-24.522-.04-33.901L188.505 256 34.484 101.255c-9.335-9.379-9.317-24.544.04-33.901l22.667-22.667c9.373-9.373 24.569-9.373 33.941 0L285.475 239.03c9.373 9.372 9.373 24.568.001 33.941z\"><\/path><\/svg>\t\t\t\t\t\t<\/span>\n\t\t\t\t\t\t\t\t\t\t<span class=\"elementor-icon-list-text\">Sobre<\/span>\n\t\t\t\t\t\t\t\t\t<\/li>\n\t\t\t\t\t\t<\/ul>\n\t\t\t\t\t\t<\/div>\n\t\t\t\t\t<\/div>\n\t\t<\/div>\n\t\t\t\t\t<\/div>\n\t\t<\/section>\n\t\t\t\t<section class=\"elementor-section elementor-top-section elementor-element elementor-element-0108b5c elementor-section-content-middle elementor-section-boxed elementor-section-height-default elementor-section-height-default\" data-id=\"0108b5c\" data-element_type=\"section\" data-e-type=\"section\" data-settings=\"{&quot;background_background&quot;:&quot;classic&quot;}\">\n\t\t\t\t\t\t<div class=\"elementor-container elementor-column-gap-default\">\n\t\t\t\t\t<div class=\"elementor-column elementor-col-50 elementor-top-column elementor-element elementor-element-b75b059\" data-id=\"b75b059\" data-element_type=\"column\" data-e-type=\"column\">\n\t\t\t<div class=\"elementor-widget-wrap elementor-element-populated\">\n\t\t\t\t\t\t<div class=\"elementor-element elementor-element-8bac747 animated-slow elementor-invisible elementor-widget elementor-widget-heading\" data-id=\"8bac747\" data-element_type=\"widget\" data-e-type=\"widget\" data-settings=\"{&quot;_animation&quot;:&quot;fadeInLeft&quot;}\" data-widget_type=\"heading.default\">\n\t\t\t\t\t<h5 class=\"elementor-heading-title elementor-size-default\">Sobre<\/h5>\t\t\t\t<\/div>\n\t\t\t\t<div class=\"elementor-element elementor-element-5fb282c elementor-widget elementor-widget-heading\" data-id=\"5fb282c\" data-element_type=\"widget\" data-e-type=\"widget\" data-widget_type=\"heading.default\">\n\t\t\t\t\t<h2 class=\"elementor-heading-title elementor-size-default\">Alkinda Wax<\/h2>\t\t\t\t<\/div>\n\t\t\t\t<div class=\"elementor-element elementor-element-39fb97d elementor-widget elementor-widget-text-editor\" data-id=\"39fb97d\" data-element_type=\"widget\" data-e-type=\"widget\" data-widget_type=\"text-editor.default\">\n\t\t\t\t\t\t\t\t\t<p>Morrinhos Ind\u00fastria de C\u00eara Ltda \u00e9 uma empresa exportadora de C\u00eara de Carna\u00faba. Fundada em 2009 por Alkinda Soares de Ara\u00fajo, tendo como objetivo produzir e exportar produtos de alta qualidade. Isso \u00e9 poss\u00edvel porque a empresa est\u00e1 localizada no meio de uma grande regi\u00e3o produtora de mat\u00e9ria-prima. A capacidade de produ\u00e7\u00e3o \u00e9 de 200 toneladas por m\u00eas. Nossos equipamentos s\u00e3o de alta qualidade e nosso pessoal est\u00e1 comprometido com o bem-estar social e a sustentabilidade.<\/p>\t\t\t\t\t\t\t\t<\/div>\n\t\t\t\t\t<\/div>\n\t\t<\/div>\n\t\t\t\t<div class=\"elementor-column elementor-col-50 elementor-top-column elementor-element elementor-element-4ef8310\" data-id=\"4ef8310\" data-element_type=\"column\" data-e-type=\"column\">\n\t\t\t<div class=\"elementor-widget-wrap elementor-element-populated\">\n\t\t\t\t\t\t<div class=\"elementor-element elementor-element-0103b57 elementor-widget elementor-widget-image\" data-id=\"0103b57\" data-element_type=\"widget\" data-e-type=\"widget\" data-widget_type=\"image.default\">\n\t\t\t\t\t\t\t\t\t\t\t\t\t\t\t<img decoding=\"async\" src=\"https:\/\/alkindawax.com.br\/wp-content\/uploads\/elementor\/thumbs\/Sobre-prraq6opxogj5x4cli1vi0bx2cgbdil367ltmuc68o.jpg\" title=\"Sobre\" alt=\"Sobre\" loading=\"lazy\" \/>\t\t\t\t\t\t\t\t\t\t\t\t\t\t\t<\/div>\n\t\t\t\t<div class=\"elementor-element elementor-element-d19a6f3 elementor-widget elementor-widget-image\" data-id=\"d19a6f3\" data-element_type=\"widget\" data-e-type=\"widget\" data-widget_type=\"image.default\">\n\t\t\t\t\t\t\t\t\t\t\t\t\t\t\t<img decoding=\"async\" src=\"https:\/\/alkindawax.com.br\/wp-content\/uploads\/elementor\/thumbs\/Sobre-prraq6opg4z49d8eh4m0uvhsmut1b84tbekxpintvk.jpg\" title=\"Sobre\" alt=\"Sobre\" loading=\"lazy\" \/>\t\t\t\t\t\t\t\t\t\t\t\t\t\t\t<\/div>\n\t\t\t\t\t<\/div>\n\t\t<\/div>\n\t\t\t\t\t<\/div>\n\t\t<\/section>\n\t\t\t\t<section class=\"elementor-section elementor-top-section elementor-element elementor-element-3ccc29f4 elementor-section-boxed elementor-section-height-default elementor-section-height-default\" data-id=\"3ccc29f4\" data-element_type=\"section\" data-e-type=\"section\" data-settings=\"{&quot;background_background&quot;:&quot;classic&quot;}\">\n\t\t\t\t\t\t\t<div class=\"elementor-background-overlay\"><\/div>\n\t\t\t\t\t\t\t<div class=\"elementor-container elementor-column-gap-default\">\n\t\t\t\t\t<div class=\"elementor-column elementor-col-100 elementor-top-column elementor-element elementor-element-6f2d5275\" data-id=\"6f2d5275\" data-element_type=\"column\" data-e-type=\"column\" data-settings=\"{&quot;background_background&quot;:&quot;classic&quot;}\">\n\t\t\t<div class=\"elementor-widget-wrap elementor-element-populated\">\n\t\t\t\t\t\t<div class=\"elementor-element elementor-element-1396395b elementor-widget elementor-widget-heading\" data-id=\"1396395b\" data-element_type=\"widget\" data-e-type=\"widget\" data-widget_type=\"heading.default\">\n\t\t\t\t\t<h2 class=\"elementor-heading-title elementor-size-default\">Fale Conosco<\/h2>\t\t\t\t<\/div>\n\t\t\t\t<div class=\"elementor-element elementor-element-28afaa4b elementor-widget elementor-widget-text-editor\" data-id=\"28afaa4b\" data-element_type=\"widget\" data-e-type=\"widget\" data-widget_type=\"text-editor.default\">\n\t\t\t\t\t\t\t\t\t<p>Para perguntas, d\u00favidas e mais informa\u00e7\u00f5es, preencha o formul\u00e1rio abaixo e retornaremos o mais breve poss\u00edvel.<\/p>\t\t\t\t\t\t\t\t<\/div>\n\t\t\t\t<div class=\"elementor-element elementor-element-7e67f81a elementor-align-left elementor-mobile-align-center elementor-widget elementor-widget-button\" data-id=\"7e67f81a\" data-element_type=\"widget\" data-e-type=\"widget\" data-widget_type=\"button.default\">\n\t\t\t\t\t\t\t\t\t\t<a class=\"elementor-button elementor-button-link elementor-size-sm elementor-animation-float\" href=\"https:\/\/alkindawax.com.br\/pt\/contato\/\">\n\t\t\t\t\t\t<span class=\"elementor-button-content-wrapper\">\n\t\t\t\t\t\t\t\t\t<span class=\"elementor-button-text\">Contato<\/span>\n\t\t\t\t\t<\/span>\n\t\t\t\t\t<\/a>\n\t\t\t\t\t\t\t\t<\/div>\n\t\t\t\t\t<\/div>\n\t\t<\/div>\n\t\t\t\t\t<\/div>\n\t\t<\/section>\n\t\t\t\t<\/div>","protected":false},"excerpt":{"rendered":"<p>About Home About About Alkinda Wax Morrinhos Ind\u00fastria de C\u00eara Ltda is an exporting company of Carnauba wax. Founded in 2009 by Alkinda Soares de Ara\u00fajo, with the objective of producing and exporting high quality products. This is possible because the company is located in the middle of a large raw material producing region. The [&hellip;]<\/p>\n","protected":false},"author":1,"featured_media":0,"parent":0,"menu_order":0,"comment_status":"closed","ping_status":"closed","template":"elementor_header_footer","meta":{"footnotes":""},"class_list":["post-179","page","type-page","status-publish","hentry"],"yoast_head":"<!-- This site is optimized with the Yoast SEO plugin v27.5 - https:\/\/yoast.com\/product\/yoast-seo-wordpress\/ -->\n<title>About &#8212; Alkinda &#8212; Produ\u00e7\u00e3o e Exporta\u00e7\u00e3o de Cera de Carna\u00faba<\/title>\n<meta name=\"robots\" content=\"index, follow, max-snippet:-1, max-image-preview:large, max-video-preview:-1\" \/>\n<link rel=\"canonical\" href=\"https:\/\/alkindawax.com.br\/pt\/sobre\/\" \/>\n<meta property=\"og:locale\" content=\"pt_BR\" \/>\n<meta property=\"og:type\" content=\"article\" \/>\n<meta property=\"og:title\" content=\"About &#8212; Alkinda &#8212; Produ\u00e7\u00e3o e Exporta\u00e7\u00e3o de Cera de Carna\u00faba\" \/>\n<meta property=\"og:description\" content=\"About Home About About Alkinda Wax Morrinhos Ind\u00fastria de C\u00eara Ltda is an exporting company of Carnauba wax. Founded in 2009 by Alkinda Soares de Ara\u00fajo, with the objective of producing and exporting high quality products. This is possible because the company is located in the middle of a large raw material producing region. The [&hellip;]\" \/>\n<meta property=\"og:url\" content=\"https:\/\/alkindawax.com.br\/pt\/sobre\/\" \/>\n<meta property=\"og:site_name\" content=\"Alkinda\" \/>\n<meta property=\"article:modified_time\" content=\"2022-07-14T15:42:39+00:00\" \/>\n<meta property=\"og:image\" content=\"https:\/\/alkindawax.com.br\/wp-content\/uploads\/elementor\/thumbs\/Sobre-prraq6opxogj5x4cli1vi0bx2cgbdil367ltmuc68o.jpg\" \/>\n<meta name=\"twitter:card\" content=\"summary_large_image\" \/>\n<meta name=\"twitter:label1\" content=\"Est. tempo de leitura\" \/>\n\t<meta name=\"twitter:data1\" content=\"1 minuto\" \/>\n<script type=\"application\/ld+json\" class=\"yoast-schema-graph\">{\"@context\":\"https:\\\/\\\/schema.org\",\"@graph\":[{\"@type\":\"WebPage\",\"@id\":\"https:\\\/\\\/alkindawax.com.br\\\/sobre\\\/\",\"url\":\"https:\\\/\\\/alkindawax.com.br\\\/sobre\\\/\",\"name\":\"About &#8212; Alkinda &#8212; Produ\u00e7\u00e3o e Exporta\u00e7\u00e3o de Cera de Carna\u00faba\",\"isPartOf\":{\"@id\":\"https:\\\/\\\/alkindawax.com.br\\\/#website\"},\"primaryImageOfPage\":{\"@id\":\"https:\\\/\\\/alkindawax.com.br\\\/sobre\\\/#primaryimage\"},\"image\":{\"@id\":\"https:\\\/\\\/alkindawax.com.br\\\/sobre\\\/#primaryimage\"},\"thumbnailUrl\":\"https:\\\/\\\/alkindawax.com.br\\\/wp-content\\\/uploads\\\/elementor\\\/thumbs\\\/Sobre-prraq6opxogj5x4cli1vi0bx2cgbdil367ltmuc68o.jpg\",\"datePublished\":\"2022-06-27T19:07:50+00:00\",\"dateModified\":\"2022-07-14T15:42:39+00:00\",\"breadcrumb\":{\"@id\":\"https:\\\/\\\/alkindawax.com.br\\\/sobre\\\/#breadcrumb\"},\"inLanguage\":\"pt-BR\",\"potentialAction\":[{\"@type\":\"ReadAction\",\"target\":[\"https:\\\/\\\/alkindawax.com.br\\\/sobre\\\/\"]}]},{\"@type\":\"ImageObject\",\"inLanguage\":\"pt-BR\",\"@id\":\"https:\\\/\\\/alkindawax.com.br\\\/sobre\\\/#primaryimage\",\"url\":\"https:\\\/\\\/alkindawax.com.br\\\/wp-content\\\/uploads\\\/elementor\\\/thumbs\\\/Sobre-prraq6opxogj5x4cli1vi0bx2cgbdil367ltmuc68o.jpg\",\"contentUrl\":\"https:\\\/\\\/alkindawax.com.br\\\/wp-content\\\/uploads\\\/elementor\\\/thumbs\\\/Sobre-prraq6opxogj5x4cli1vi0bx2cgbdil367ltmuc68o.jpg\"},{\"@type\":\"BreadcrumbList\",\"@id\":\"https:\\\/\\\/alkindawax.com.br\\\/sobre\\\/#breadcrumb\",\"itemListElement\":[{\"@type\":\"ListItem\",\"position\":1,\"name\":\"In\u00edcio\",\"item\":\"https:\\\/\\\/alkindawax.com.br\\\/\"},{\"@type\":\"ListItem\",\"position\":2,\"name\":\"About\"}]},{\"@type\":\"WebSite\",\"@id\":\"https:\\\/\\\/alkindawax.com.br\\\/#website\",\"url\":\"https:\\\/\\\/alkindawax.com.br\\\/\",\"name\":\"Alkinda\",\"description\":\"Produ\u00e7\u00e3o e Exporta\u00e7\u00e3o de C\u00eara de Carna\u00faba\",\"publisher\":{\"@id\":\"https:\\\/\\\/alkindawax.com.br\\\/#organization\"},\"potentialAction\":[{\"@type\":\"SearchAction\",\"target\":{\"@type\":\"EntryPoint\",\"urlTemplate\":\"https:\\\/\\\/alkindawax.com.br\\\/?s={search_term_string}\"},\"query-input\":{\"@type\":\"PropertyValueSpecification\",\"valueRequired\":true,\"valueName\":\"search_term_string\"}}],\"inLanguage\":\"pt-BR\"},{\"@type\":\"Organization\",\"@id\":\"https:\\\/\\\/alkindawax.com.br\\\/#organization\",\"name\":\"Alkinda Wax\",\"url\":\"https:\\\/\\\/alkindawax.com.br\\\/\",\"logo\":{\"@type\":\"ImageObject\",\"inLanguage\":\"pt-BR\",\"@id\":\"https:\\\/\\\/alkindawax.com.br\\\/#\\\/schema\\\/logo\\\/image\\\/\",\"url\":\"https:\\\/\\\/alkindawax.com.br\\\/wp-content\\\/uploads\\\/2022\\\/06\\\/logo.png\",\"contentUrl\":\"https:\\\/\\\/alkindawax.com.br\\\/wp-content\\\/uploads\\\/2022\\\/06\\\/logo.png\",\"width\":294,\"height\":71,\"caption\":\"Alkinda Wax\"},\"image\":{\"@id\":\"https:\\\/\\\/alkindawax.com.br\\\/#\\\/schema\\\/logo\\\/image\\\/\"}}]}<\/script>\n<!-- \/ Yoast SEO plugin. -->","yoast_head_json":{"title":"About &#8212; Alkinda &#8212; Produ\u00e7\u00e3o e Exporta\u00e7\u00e3o de Cera de Carna\u00faba","robots":{"index":"index","follow":"follow","max-snippet":"max-snippet:-1","max-image-preview":"max-image-preview:large","max-video-preview":"max-video-preview:-1"},"canonical":"https:\/\/alkindawax.com.br\/pt\/sobre\/","og_locale":"pt_BR","og_type":"article","og_title":"About &#8212; Alkinda &#8212; Produ\u00e7\u00e3o e Exporta\u00e7\u00e3o de Cera de Carna\u00faba","og_description":"About Home About About Alkinda Wax Morrinhos Ind\u00fastria de C\u00eara Ltda is an exporting company of Carnauba wax. Founded in 2009 by Alkinda Soares de Ara\u00fajo, with the objective of producing and exporting high quality products. This is possible because the company is located in the middle of a large raw material producing region. The [&hellip;]","og_url":"https:\/\/alkindawax.com.br\/pt\/sobre\/","og_site_name":"Alkinda","article_modified_time":"2022-07-14T15:42:39+00:00","og_image":[{"url":"https:\/\/alkindawax.com.br\/wp-content\/uploads\/elementor\/thumbs\/Sobre-prraq6opxogj5x4cli1vi0bx2cgbdil367ltmuc68o.jpg","type":"","width":"","height":""}],"twitter_card":"summary_large_image","twitter_misc":{"Est. tempo de leitura":"1 minuto"},"schema":{"@context":"https:\/\/schema.org","@graph":[{"@type":"WebPage","@id":"https:\/\/alkindawax.com.br\/sobre\/","url":"https:\/\/alkindawax.com.br\/sobre\/","name":"About &#8212; Alkinda &#8212; Produ\u00e7\u00e3o e Exporta\u00e7\u00e3o de Cera de Carna\u00faba","isPartOf":{"@id":"https:\/\/alkindawax.com.br\/#website"},"primaryImageOfPage":{"@id":"https:\/\/alkindawax.com.br\/sobre\/#primaryimage"},"image":{"@id":"https:\/\/alkindawax.com.br\/sobre\/#primaryimage"},"thumbnailUrl":"https:\/\/alkindawax.com.br\/wp-content\/uploads\/elementor\/thumbs\/Sobre-prraq6opxogj5x4cli1vi0bx2cgbdil367ltmuc68o.jpg","datePublished":"2022-06-27T19:07:50+00:00","dateModified":"2022-07-14T15:42:39+00:00","breadcrumb":{"@id":"https:\/\/alkindawax.com.br\/sobre\/#breadcrumb"},"inLanguage":"pt-BR","potentialAction":[{"@type":"ReadAction","target":["https:\/\/alkindawax.com.br\/sobre\/"]}]},{"@type":"ImageObject","inLanguage":"pt-BR","@id":"https:\/\/alkindawax.com.br\/sobre\/#primaryimage","url":"https:\/\/alkindawax.com.br\/wp-content\/uploads\/elementor\/thumbs\/Sobre-prraq6opxogj5x4cli1vi0bx2cgbdil367ltmuc68o.jpg","contentUrl":"https:\/\/alkindawax.com.br\/wp-content\/uploads\/elementor\/thumbs\/Sobre-prraq6opxogj5x4cli1vi0bx2cgbdil367ltmuc68o.jpg"},{"@type":"BreadcrumbList","@id":"https:\/\/alkindawax.com.br\/sobre\/#breadcrumb","itemListElement":[{"@type":"ListItem","position":1,"name":"In\u00edcio","item":"https:\/\/alkindawax.com.br\/"},{"@type":"ListItem","position":2,"name":"About"}]},{"@type":"WebSite","@id":"https:\/\/alkindawax.com.br\/#website","url":"https:\/\/alkindawax.com.br\/","name":"Alkinda","description":"Produ\u00e7\u00e3o e Exporta\u00e7\u00e3o de C\u00eara de Carna\u00faba","publisher":{"@id":"https:\/\/alkindawax.com.br\/#organization"},"potentialAction":[{"@type":"SearchAction","target":{"@type":"EntryPoint","urlTemplate":"https:\/\/alkindawax.com.br\/?s={search_term_string}"},"query-input":{"@type":"PropertyValueSpecification","valueRequired":true,"valueName":"search_term_string"}}],"inLanguage":"pt-BR"},{"@type":"Organization","@id":"https:\/\/alkindawax.com.br\/#organization","name":"Alkinda Wax","url":"https:\/\/alkindawax.com.br\/","logo":{"@type":"ImageObject","inLanguage":"pt-BR","@id":"https:\/\/alkindawax.com.br\/#\/schema\/logo\/image\/","url":"https:\/\/alkindawax.com.br\/wp-content\/uploads\/2022\/06\/logo.png","contentUrl":"https:\/\/alkindawax.com.br\/wp-content\/uploads\/2022\/06\/logo.png","width":294,"height":71,"caption":"Alkinda Wax"},"image":{"@id":"https:\/\/alkindawax.com.br\/#\/schema\/logo\/image\/"}}]}},"_links":{"self":[{"href":"https:\/\/alkindawax.com.br\/pt\/wp-json\/wp\/v2\/pages\/179","targetHints":{"allow":["GET"]}}],"collection":[{"href":"https:\/\/alkindawax.com.br\/pt\/wp-json\/wp\/v2\/pages"}],"about":[{"href":"https:\/\/alkindawax.com.br\/pt\/wp-json\/wp\/v2\/types\/page"}],"author":[{"embeddable":true,"href":"https:\/\/alkindawax.com.br\/pt\/wp-json\/wp\/v2\/users\/1"}],"replies":[{"embeddable":true,"href":"https:\/\/alkindawax.com.br\/pt\/wp-json\/wp\/v2\/comments?post=179"}],"version-history":[{"count":36,"href":"https:\/\/alkindawax.com.br\/pt\/wp-json\/wp\/v2\/pages\/179\/revisions"}],"predecessor-version":[{"id":660,"href":"https:\/\/alkindawax.com.br\/pt\/wp-json\/wp\/v2\/pages\/179\/revisions\/660"}],"wp:attachment":[{"href":"https:\/\/alkindawax.com.br\/pt\/wp-json\/wp\/v2\/media?parent=179"}],"curies":[{"name":"wp","href":"https:\/\/api.w.org\/{rel}","templated":true}]}}